{"id":26,"date":"2024-03-19T12:03:42","date_gmt":"2024-03-19T11:03:42","guid":{"rendered":"https:\/\/www.urbarsarisskebohdanovce.sk\/?page_id=26"},"modified":"2024-03-19T16:26:23","modified_gmt":"2024-03-19T15:26:23","slug":"informacie-o-spolocnosti","status":"publish","type":"page","link":"https:\/\/www.urbarsarisskebohdanovce.sk\/?page_id=26","title":{"rendered":"Inform\u00e1cie o spolo\u010dnosti"},"content":{"rendered":"\n<h1 class=\"wp-block-heading\"><\/h1>\n\n\n\n<p><strong>n\u00e1zov:<\/strong>\u00a0Urb\u00e1r\u00ad-\u0160ari\u0161sk\u00e9 Bohdanovce p.s.<\/p>\n\n\n\n<p><strong>s\u00eddlo:&nbsp;<\/strong>\u0160ari\u0161sk\u00e9 Bohdanovce 87, 082 05<\/p>\n\n\n\n<p><strong>Pr\u00e1vna forma:<\/strong>&nbsp;Spolo\u010dnos\u0165 s pr\u00e1vnou subjektivitou<br><strong>I\u010cO:<\/strong>&nbsp;42364124<br><strong>DI\u010c:<\/strong>&nbsp;2024125972<\/p>\n\n\n\n<p><strong>kontakt:<\/strong>&nbsp;urbarsarisskebohdanovce@gmail.com<\/p>\n","protected":false},"excerpt":{"rendered":"<p>n\u00e1zov:\u00a0Urb\u00e1r\u00ad-\u0160ari\u0161sk\u00e9 Bohdanovce p.s. s\u00eddlo:&nbsp;\u0160ari\u0161sk\u00e9 Bohdanovce 87, 082 05 Pr\u00e1vna forma:&nbsp;Spolo\u010dnos\u0165 s pr\u00e1vnou subjektivitouI\u010cO:&nbsp;42364124DI\u010c:&nbsp;2024125972 kontakt:&nbsp;urbarsarisskebohdanovce@gmail.com<\/p>\n","protected":false},"author":2,"featured_media":0,"parent":0,"menu_order":1,"comment_status":"closed","ping_status":"closed","template":"","meta":{"_monsterinsights_skip_tracking":false,"_monsterinsights_sitenote_active":false,"_monsterinsights_sitenote_note":"","_monsterinsights_sitenote_category":0,"footnotes":""},"class_list":["post-26","page","type-page","status-publish","hentry"],"yoast_head":"<!-- This site is optimized with the Yoast SEO plugin v22.3 - https:\/\/yoast.com\/wordpress\/plugins\/seo\/ -->\n<title>Inform\u00e1cie o spolo\u010dnosti - Urb\u00e1r - \u0160ari\u0161sk\u00e9 Bohdanovce p.s.<\/title>\n<meta name=\"robots\" content=\"index, follow, max-snippet:-1, max-image-preview:large, max-video-preview:-1\" \/>\n<link rel=\"canonical\" href=\"https:\/\/www.urbarsarisskebohdanovce.sk\/?page_id=26\" \/>\n<meta property=\"og:locale\" content=\"sk_SK\" \/>\n<meta property=\"og:type\" content=\"article\" \/>\n<meta property=\"og:title\" content=\"Inform\u00e1cie o spolo\u010dnosti - Urb\u00e1r - \u0160ari\u0161sk\u00e9 Bohdanovce p.s.\" \/>\n<meta property=\"og:description\" content=\"n\u00e1zov:\u00a0Urb\u00e1r\u00ad-\u0160ari\u0161sk\u00e9 Bohdanovce p.s. s\u00eddlo:&nbsp;\u0160ari\u0161sk\u00e9 Bohdanovce 87, 082 05 Pr\u00e1vna forma:&nbsp;Spolo\u010dnos\u0165 s pr\u00e1vnou subjektivitouI\u010cO:&nbsp;42364124DI\u010c:&nbsp;2024125972 kontakt:&nbsp;urbarsarisskebohdanovce@gmail.com\" \/>\n<meta property=\"og:url\" content=\"https:\/\/www.urbarsarisskebohdanovce.sk\/?page_id=26\" \/>\n<meta property=\"og:site_name\" content=\"Urb\u00e1r - \u0160ari\u0161sk\u00e9 Bohdanovce p.s.\" \/>\n<meta property=\"article:modified_time\" content=\"2024-03-19T15:26:23+00:00\" \/>\n<meta name=\"twitter:card\" content=\"summary_large_image\" \/>\n<meta name=\"twitter:label1\" content=\"Predpokladan\u00fd \u010das \u010d\u00edtania\" \/>\n\t<meta name=\"twitter:data1\" content=\"1 min\u00fata\" \/>\n<script type=\"application\/ld+json\" class=\"yoast-schema-graph\">{\"@context\":\"https:\/\/schema.org\",\"@graph\":[{\"@type\":\"WebPage\",\"@id\":\"https:\/\/www.urbarsarisskebohdanovce.sk\/?page_id=26\",\"url\":\"https:\/\/www.urbarsarisskebohdanovce.sk\/?page_id=26\",\"name\":\"Inform\u00e1cie o spolo\u010dnosti - Urb\u00e1r - \u0160ari\u0161sk\u00e9 Bohdanovce p.s.\",\"isPartOf\":{\"@id\":\"https:\/\/www.urbarsarisskebohdanovce.sk\/#website\"},\"datePublished\":\"2024-03-19T11:03:42+00:00\",\"dateModified\":\"2024-03-19T15:26:23+00:00\",\"breadcrumb\":{\"@id\":\"https:\/\/www.urbarsarisskebohdanovce.sk\/?page_id=26#breadcrumb\"},\"inLanguage\":\"sk-SK\",\"potentialAction\":[{\"@type\":\"ReadAction\",\"target\":[\"https:\/\/www.urbarsarisskebohdanovce.sk\/?page_id=26\"]}]},{\"@type\":\"BreadcrumbList\",\"@id\":\"https:\/\/www.urbarsarisskebohdanovce.sk\/?page_id=26#breadcrumb\",\"itemListElement\":[{\"@type\":\"ListItem\",\"position\":1,\"name\":\"Home\",\"item\":\"https:\/\/www.urbarsarisskebohdanovce.sk\/\"},{\"@type\":\"ListItem\",\"position\":2,\"name\":\"Inform\u00e1cie o spolo\u010dnosti\"}]},{\"@type\":\"WebSite\",\"@id\":\"https:\/\/www.urbarsarisskebohdanovce.sk\/#website\",\"url\":\"https:\/\/www.urbarsarisskebohdanovce.sk\/\",\"name\":\"Urb\u00e1r - \u0160ari\u0161sk\u00e9 Bohdanovce p.s.\",\"description\":\"\",\"publisher\":{\"@id\":\"https:\/\/www.urbarsarisskebohdanovce.sk\/#organization\"},\"potentialAction\":[{\"@type\":\"SearchAction\",\"target\":{\"@type\":\"EntryPoint\",\"urlTemplate\":\"https:\/\/www.urbarsarisskebohdanovce.sk\/?s={search_term_string}\"},\"query-input\":\"required name=search_term_string\"}],\"inLanguage\":\"sk-SK\"},{\"@type\":\"Organization\",\"@id\":\"https:\/\/www.urbarsarisskebohdanovce.sk\/#organization\",\"name\":\"Urb\u00e1r - \u0160ari\u0161sk\u00e9 Bohdanovce p.s.\",\"url\":\"https:\/\/www.urbarsarisskebohdanovce.sk\/\",\"logo\":{\"@type\":\"ImageObject\",\"inLanguage\":\"sk-SK\",\"@id\":\"https:\/\/www.urbarsarisskebohdanovce.sk\/#\/schema\/logo\/image\/\",\"url\":\"https:\/\/www.urbarsarisskebohdanovce.sk\/wp-content\/uploads\/2024\/03\/cropped-cropped-sarbod-1.jpeg\",\"contentUrl\":\"https:\/\/www.urbarsarisskebohdanovce.sk\/wp-content\/uploads\/2024\/03\/cropped-cropped-sarbod-1.jpeg\",\"width\":512,\"height\":512,\"caption\":\"Urb\u00e1r - \u0160ari\u0161sk\u00e9 Bohdanovce p.s.\"},\"image\":{\"@id\":\"https:\/\/www.urbarsarisskebohdanovce.sk\/#\/schema\/logo\/image\/\"}}]}<\/script>\n<!-- \/ Yoast SEO plugin. -->","yoast_head_json":{"title":"Inform\u00e1cie o spolo\u010dnosti - Urb\u00e1r - \u0160ari\u0161sk\u00e9 Bohdanovce p.s.","robots":{"index":"index","follow":"follow","max-snippet":"max-snippet:-1","max-image-preview":"max-image-preview:large","max-video-preview":"max-video-preview:-1"},"canonical":"https:\/\/www.urbarsarisskebohdanovce.sk\/?page_id=26","og_locale":"sk_SK","og_type":"article","og_title":"Inform\u00e1cie o spolo\u010dnosti - Urb\u00e1r - \u0160ari\u0161sk\u00e9 Bohdanovce p.s.","og_description":"n\u00e1zov:\u00a0Urb\u00e1r\u00ad-\u0160ari\u0161sk\u00e9 Bohdanovce p.s. s\u00eddlo:&nbsp;\u0160ari\u0161sk\u00e9 Bohdanovce 87, 082 05 Pr\u00e1vna forma:&nbsp;Spolo\u010dnos\u0165 s pr\u00e1vnou subjektivitouI\u010cO:&nbsp;42364124DI\u010c:&nbsp;2024125972 kontakt:&nbsp;urbarsarisskebohdanovce@gmail.com","og_url":"https:\/\/www.urbarsarisskebohdanovce.sk\/?page_id=26","og_site_name":"Urb\u00e1r - \u0160ari\u0161sk\u00e9 Bohdanovce p.s.","article_modified_time":"2024-03-19T15:26:23+00:00","twitter_card":"summary_large_image","twitter_misc":{"Predpokladan\u00fd \u010das \u010d\u00edtania":"1 min\u00fata"},"schema":{"@context":"https:\/\/schema.org","@graph":[{"@type":"WebPage","@id":"https:\/\/www.urbarsarisskebohdanovce.sk\/?page_id=26","url":"https:\/\/www.urbarsarisskebohdanovce.sk\/?page_id=26","name":"Inform\u00e1cie o spolo\u010dnosti - Urb\u00e1r - \u0160ari\u0161sk\u00e9 Bohdanovce p.s.","isPartOf":{"@id":"https:\/\/www.urbarsarisskebohdanovce.sk\/#website"},"datePublished":"2024-03-19T11:03:42+00:00","dateModified":"2024-03-19T15:26:23+00:00","breadcrumb":{"@id":"https:\/\/www.urbarsarisskebohdanovce.sk\/?page_id=26#breadcrumb"},"inLanguage":"sk-SK","potentialAction":[{"@type":"ReadAction","target":["https:\/\/www.urbarsarisskebohdanovce.sk\/?page_id=26"]}]},{"@type":"BreadcrumbList","@id":"https:\/\/www.urbarsarisskebohdanovce.sk\/?page_id=26#breadcrumb","itemListElement":[{"@type":"ListItem","position":1,"name":"Home","item":"https:\/\/www.urbarsarisskebohdanovce.sk\/"},{"@type":"ListItem","position":2,"name":"Inform\u00e1cie o spolo\u010dnosti"}]},{"@type":"WebSite","@id":"https:\/\/www.urbarsarisskebohdanovce.sk\/#website","url":"https:\/\/www.urbarsarisskebohdanovce.sk\/","name":"Urb\u00e1r - \u0160ari\u0161sk\u00e9 Bohdanovce p.s.","description":"","publisher":{"@id":"https:\/\/www.urbarsarisskebohdanovce.sk\/#organization"},"potentialAction":[{"@type":"SearchAction","target":{"@type":"EntryPoint","urlTemplate":"https:\/\/www.urbarsarisskebohdanovce.sk\/?s={search_term_string}"},"query-input":"required name=search_term_string"}],"inLanguage":"sk-SK"},{"@type":"Organization","@id":"https:\/\/www.urbarsarisskebohdanovce.sk\/#organization","name":"Urb\u00e1r - \u0160ari\u0161sk\u00e9 Bohdanovce p.s.","url":"https:\/\/www.urbarsarisskebohdanovce.sk\/","logo":{"@type":"ImageObject","inLanguage":"sk-SK","@id":"https:\/\/www.urbarsarisskebohdanovce.sk\/#\/schema\/logo\/image\/","url":"https:\/\/www.urbarsarisskebohdanovce.sk\/wp-content\/uploads\/2024\/03\/cropped-cropped-sarbod-1.jpeg","contentUrl":"https:\/\/www.urbarsarisskebohdanovce.sk\/wp-content\/uploads\/2024\/03\/cropped-cropped-sarbod-1.jpeg","width":512,"height":512,"caption":"Urb\u00e1r - \u0160ari\u0161sk\u00e9 Bohdanovce p.s."},"image":{"@id":"https:\/\/www.urbarsarisskebohdanovce.sk\/#\/schema\/logo\/image\/"}}]}},"_links":{"self":[{"href":"https:\/\/www.urbarsarisskebohdanovce.sk\/index.php?rest_route=\/wp\/v2\/pages\/26","targetHints":{"allow":["GET"]}}],"collection":[{"href":"https:\/\/www.urbarsarisskebohdanovce.sk\/index.php?rest_route=\/wp\/v2\/pages"}],"about":[{"href":"https:\/\/www.urbarsarisskebohdanovce.sk\/index.php?rest_route=\/wp\/v2\/types\/page"}],"author":[{"embeddable":true,"href":"https:\/\/www.urbarsarisskebohdanovce.sk\/index.php?rest_route=\/wp\/v2\/users\/2"}],"replies":[{"embeddable":true,"href":"https:\/\/www.urbarsarisskebohdanovce.sk\/index.php?rest_route=%2Fwp%2Fv2%2Fcomments&post=26"}],"version-history":[{"count":5,"href":"https:\/\/www.urbarsarisskebohdanovce.sk\/index.php?rest_route=\/wp\/v2\/pages\/26\/revisions"}],"predecessor-version":[{"id":54,"href":"https:\/\/www.urbarsarisskebohdanovce.sk\/index.php?rest_route=\/wp\/v2\/pages\/26\/revisions\/54"}],"wp:attachment":[{"href":"https:\/\/www.urbarsarisskebohdanovce.sk\/index.php?rest_route=%2Fwp%2Fv2%2Fmedia&parent=26"}],"curies":[{"name":"wp","href":"https:\/\/api.w.org\/{rel}","templated":true}]}}